{"id":5,"date":"2016-02-20T15:11:55","date_gmt":"2016-02-20T15:11:55","guid":{"rendered":"https:\/\/www.samuscoelectric.com\/?page_id=5"},"modified":"2023-04-19T18:51:11","modified_gmt":"2023-04-19T18:51:11","slug":"about-us","status":"publish","type":"page","link":"https:\/\/www.samuscoelectric.com\/es\/about-us\/","title":{"rendered":"Nosotros"},"content":{"rendered":"<p>Samusco es un fabricante global de Interruptores Electr\u00f3nicos Centr\u00edfugos para motores el\u00e9ctricos. Un interruptor centrifugo electr\u00f3nico es un arrancador que duplica la funci\u00f3n de un interruptor centrifugo mec\u00e1nico para acoplamiento y desconexi\u00f3n los bobinados en motores de inducci\u00f3n de una sola fase. Controlan la funci\u00f3n del interruptor fij\u00e1ndose en la variaci\u00f3n de torque del arranque. La velocidad de voltaje inducido en la bobina de arranque es monitoreado y micro-controlado calculando la curva para interrumpir en un punto \u00f3ptimo. Nuestros interruptores est\u00e1n sellados y montados independientemente de la carcasa del motor. Contamos con una extensa selecci\u00f3n de modelos universales para una amplia variedad de motores de induxi\u00f3n de 1 fase. <\/p>","protected":false},"excerpt":{"rendered":"<p>Samusco es un fabricante global de Interruptores Electr\u00f3nicos Centr\u00edfugos para motores el\u00e9ctricos. Un interruptor centrifugo electr\u00f3nico es un arrancador que duplica la funci\u00f3n de un interruptor centrifugo mec\u00e1nico para acoplamiento y desconexi\u00f3n los bobinados en motores de inducci\u00f3n de una sola fase. Controlan la funci\u00f3n del interruptor fij\u00e1ndose en la variaci\u00f3n de torque del arranque. [&hellip;]<\/p>\n","protected":false},"author":1,"featured_media":0,"parent":0,"menu_order":0,"comment_status":"closed","ping_status":"closed","template":"","meta":{"_et_pb_use_builder":"off","_et_pb_old_content":"","_et_gb_content_width":""},"_links":{"self":[{"href":"https:\/\/www.samuscoelectric.com\/es\/wp-json\/wp\/v2\/pages\/5"}],"collection":[{"href":"https:\/\/www.samuscoelectric.com\/es\/wp-json\/wp\/v2\/pages"}],"about":[{"href":"https:\/\/www.samuscoelectric.com\/es\/wp-json\/wp\/v2\/types\/page"}],"author":[{"embeddable":true,"href":"https:\/\/www.samuscoelectric.com\/es\/wp-json\/wp\/v2\/users\/1"}],"replies":[{"embeddable":true,"href":"https:\/\/www.samuscoelectric.com\/es\/wp-json\/wp\/v2\/comments?post=5"}],"version-history":[{"count":25,"href":"https:\/\/www.samuscoelectric.com\/es\/wp-json\/wp\/v2\/pages\/5\/revisions"}],"predecessor-version":[{"id":4043,"href":"https:\/\/www.samuscoelectric.com\/es\/wp-json\/wp\/v2\/pages\/5\/revisions\/4043"}],"wp:attachment":[{"href":"https:\/\/www.samuscoelectric.com\/es\/wp-json\/wp\/v2\/media?parent=5"}],"curies":[{"name":"wp","href":"https:\/\/api.w.org\/{rel}","templated":true}]}}